{"id":131,"date":"2013-07-07T18:35:04","date_gmt":"2013-07-07T18:35:04","guid":{"rendered":"http:\/\/lopesebenavente.com\/site\/?page_id=131"},"modified":"2023-07-31T16:02:33","modified_gmt":"2023-07-31T16:02:33","slug":"necrologia","status":"publish","type":"page","link":"https:\/\/www.lopesebenavente.com\/?page_id=131","title":{"rendered":"Necrologia"},"content":{"rendered":"<table>\n<tbody>\n<tr>\n<td width=\"900\">\n<table style=\"text-align: left;\" width=\"900\">\n<tbody>\n<tr>\n<td width=\"130\"><strong>Localidade:<\/strong><\/td>\n<td width=\"770\">Achete<\/td>\n<\/tr>\n<tr>\n<td><strong>Nome:<\/strong><\/td>\n<td><strong>Am\u00e2ndio Paz Ribeiro Esteves, <\/strong> de <strong>64 <\/strong>anos<\/td>\n<\/tr>\n<tr>\n<td><strong>C\u00e2mara Ardente:<\/strong><\/td>\n<td><strong>Casa Mortu\u00e1ria de Achete <\/strong>(a partir das<strong> 12:00 horas <\/strong>do dia<strong> 01 &#8211; Ter\u00e7a-feira<\/strong>)<strong><br \/>\n<\/strong><\/td>\n<\/tr>\n<tr>\n<td><strong>Sai \u00e0s:<\/strong><\/td>\n<td><strong>18:00<\/strong> horas do dia<strong> 01\/08 &#8211; Ter\u00e7a-feira<strong><br \/>\n<\/strong><\/strong><\/td>\n<\/tr>\n<tr>\n<td><strong>Funeral \u00e0s:<\/strong><\/td>\n<td><strong>18:00<\/strong> horas do dia <strong>01\/08 &#8211; Ter\u00e7a-feira<br \/>\n<\/strong><\/td>\n<\/tr>\n<tr>\n<td><strong>Cemit\u00e9rio:<\/strong><\/td>\n<td>Achete<\/td>\n<\/tr>\n<\/tbody>\n<\/table>\n<p><strong>__________________________________________________________________________________________________________________<\/strong><\/td>\n<\/tr>\n<tr>\n<td width=\"900\">\n<table style=\"text-align: left;\" width=\"1018\">\n<tbody>\n<tr>\n<td width=\"130\"><strong>Localidade:<\/strong><\/td>\n<td width=\"770\">Santar\u00e9m<\/td>\n<\/tr>\n<tr>\n<td><strong>Nome:<\/strong><\/td>\n<td><strong>Aurora Lobata,<\/strong> de <strong>96 <\/strong>anos<\/td>\n<\/tr>\n<tr>\n<td><strong>C\u00e2mara Ardente:<\/strong><\/td>\n<td>Capela do Cremat\u00f3rio de<strong> Santar\u00e9m <\/strong>(a partir das<strong> 09:00 horas<\/strong> do dia<strong> 07 &#8211; Quarta-feira<\/strong>)<strong><br \/>\n<\/strong><\/td>\n<\/tr>\n<tr>\n<td><strong>Sai \u00e0s:<\/strong><\/td>\n<td><strong>10:00<\/strong> horas do dia<strong> 07\/06<strong> &#8211; <\/strong>Quarta-feira<\/strong><strong><br \/>\n<\/strong><\/td>\n<\/tr>\n<tr>\n<td><strong>Funeral \u00e0s:<\/strong><\/td>\n<td><strong>10:00<\/strong> horas do dia <strong>07\/06 &#8211; Quarta-feira<br \/>\n<\/strong><\/td>\n<\/tr>\n<tr>\n<td><strong>Cemit\u00e9rio:<\/strong><\/td>\n<td>Cremat\u00f3rio de Santar\u00e9m<\/td>\n<\/tr>\n<\/tbody>\n<\/table>\n<p style=\"text-align: center;\"><strong>__________________________________________________________________________________________________________________<\/strong><\/p>\n<\/td>\n<\/tr>\n<tr>\n<td width=\"900\">\n<table style=\"text-align: left;\" width=\"1013\">\n<tbody>\n<tr>\n<td width=\"130\"><strong>Localidade:<\/strong><\/td>\n<td width=\"770\">Santar\u00e9m<\/td>\n<\/tr>\n<tr>\n<td><strong>Nome:<\/strong><\/td>\n<td><strong>Maria das Dores Cardoso,<\/strong> de <strong>85<\/strong> anos<\/td>\n<\/tr>\n<tr>\n<td><strong>C\u00e2mara Ardente:<\/strong><\/td>\n<td>Capela do Cremat\u00f3rio de<strong> Santar\u00e9m <\/strong>(a partir das<strong> 12:00 <\/strong>do dia<strong> 12 &#8211; Quarta-feira<\/strong>)<strong><br \/>\n<\/strong><\/td>\n<\/tr>\n<tr>\n<td><strong>Sai \u00e0s:<\/strong><\/td>\n<td><strong>13:00<\/strong> horas do dia <strong>12\/07<strong> &#8211; <\/strong>Quarta-feira<br \/>\n<\/strong><\/td>\n<\/tr>\n<tr>\n<td><strong>Funeral \u00e0s:<\/strong><\/td>\n<td><strong>13:00 <\/strong>horas do dia<strong> 12\/07 &#8211; Quarta-feira<br \/>\n<\/strong><\/td>\n<\/tr>\n<tr>\n<td><strong>Cemit\u00e9rio:<\/strong><\/td>\n<td>Cremat\u00f3rio de Santar\u00e9m<\/td>\n<\/tr>\n<\/tbody>\n<\/table>\n<p style=\"text-align: center;\"><strong>__________________________________________________________________________________________________________________<\/strong><\/p>\n<\/td>\n<\/tr>\n<tr>\n<td width=\"900\">\n<table style=\"text-align: left;\" width=\"900\">\n<tbody>\n<tr>\n<td width=\"130\"><strong>Localidade:<\/strong><\/td>\n<td width=\"770\">P\u00f3voa da Isenta<\/td>\n<\/tr>\n<tr>\n<td><strong>Nome:<\/strong><\/td>\n<td><strong>Fernanda Nogueira Mendes Madeira, <\/strong>de <strong>77 <\/strong>anos<\/td>\n<\/tr>\n<tr>\n<td><strong>C\u00e2mara Ardente:<\/strong><\/td>\n<td>Casa Mortu\u00e1ria de<strong> P\u00f3voa da Isenta<\/strong> (a partir das<strong> 16:00 horas <\/strong>do dia<strong> 12 &#8211; Quarta-feira<\/strong>)<strong><br \/>\n<\/strong><\/td>\n<\/tr>\n<tr>\n<td><strong>Sai \u00e0s:<\/strong><\/td>\n<td><strong>11:00<\/strong> horas do dia <strong>13\/07 &#8211; Quinta-feira<br \/>\n<\/strong><\/td>\n<\/tr>\n<tr>\n<td><strong>Funeral \u00e0s:<\/strong><\/td>\n<td><strong>11:00 <\/strong>horas do dia <strong>13\/07 &#8211; Quinta-feira<br \/>\n<\/strong><\/td>\n<\/tr>\n<tr>\n<td><strong>Cemit\u00e9rio:<\/strong><\/td>\n<td>P\u00f3voa da Isenta<\/td>\n<\/tr>\n<\/tbody>\n<\/table>\n<p style=\"text-align: center;\"><strong>__________________________________________________________________________________________________________________<\/strong><\/p>\n<\/td>\n<\/tr>\n<tr>\n<td width=\"900\">\n<table style=\"text-align: left;\" width=\"900\">\n<tbody>\n<tr>\n<td width=\"130\"><strong>Localidade:<\/strong><\/td>\n<td width=\"770\">P\u00f3voa da Isenta<\/td>\n<\/tr>\n<tr>\n<td><strong>Nome:<\/strong><\/td>\n<td><strong>Miguel da Silva Noras<\/strong>, de <strong>96 <\/strong>anos<\/td>\n<\/tr>\n<tr>\n<td><strong>C\u00e2mara Ardente:<\/strong><\/td>\n<td>Casa Mortu\u00e1ria de <strong>P\u00f3voa da Isenta<\/strong> (a partir das<strong> 16:00 horas <\/strong>do dia<strong> 14 &#8211; Sexta-feira<\/strong>)<strong><br \/>\n<\/strong><\/td>\n<\/tr>\n<tr>\n<td><strong>Sai \u00e0s:<\/strong><\/td>\n<td><strong>18:00<\/strong> horas do dia <strong>14<\/strong><strong>\/07 <strong>&#8211;<\/strong> Sexta-feira<br \/>\n<\/strong><\/td>\n<\/tr>\n<tr>\n<td><strong>Funeral \u00e0s:<\/strong><\/td>\n<td><strong>18:00 <\/strong>horas do dia <strong>14\/<\/strong><strong>07 &#8211;<\/strong> <strong>Sexta-feira<br \/>\n<\/strong><\/td>\n<\/tr>\n<tr>\n<td><strong>Cemit\u00e9rio:<\/strong><\/td>\n<td>P\u00f3voa da Isenta<\/td>\n<\/tr>\n<\/tbody>\n<\/table>\n<p style=\"text-align: center;\"><strong>_________________________________________________________________________________________________________________<\/strong><\/p>\n<\/td>\n<\/tr>\n<\/tbody>\n<\/table>\n","protected":false},"excerpt":{"rendered":"<p>Localidade: Achete Nome: Am\u00e2ndio Paz Ribeiro Esteves, de 64 anos C\u00e2mara Ardente: Casa Mortu\u00e1ria de Achete (a partir das 12:00 horas do dia 01 &#8211; Ter\u00e7a-feira) Sai \u00e0s: 18:00 horas do dia 01\/08 &#8211; Ter\u00e7a-feira Funeral \u00e0s: 18:00 horas do &hellip;<span class=\"more-link\"><a href=\"https:\/\/www.lopesebenavente.com\/?page_id=131\"><span class=\"button\">Continue reading &rarr;<\/span><\/a><\/span><\/p>\n","protected":false},"author":2,"featured_media":0,"parent":0,"menu_order":4,"comment_status":"closed","ping_status":"closed","template":"","meta":[],"_links":{"self":[{"href":"https:\/\/www.lopesebenavente.com\/index.php?rest_route=\/wp\/v2\/pages\/131"}],"collection":[{"href":"https:\/\/www.lopesebenavente.com\/index.php?rest_route=\/wp\/v2\/pages"}],"about":[{"href":"https:\/\/www.lopesebenavente.com\/index.php?rest_route=\/wp\/v2\/types\/page"}],"author":[{"embeddable":true,"href":"https:\/\/www.lopesebenavente.com\/index.php?rest_route=\/wp\/v2\/users\/2"}],"replies":[{"embeddable":true,"href":"https:\/\/www.lopesebenavente.com\/index.php?rest_route=%2Fwp%2Fv2%2Fcomments&post=131"}],"version-history":[{"count":1571,"href":"https:\/\/www.lopesebenavente.com\/index.php?rest_route=\/wp\/v2\/pages\/131\/revisions"}],"predecessor-version":[{"id":1770,"href":"https:\/\/www.lopesebenavente.com\/index.php?rest_route=\/wp\/v2\/pages\/131\/revisions\/1770"}],"wp:attachment":[{"href":"https:\/\/www.lopesebenavente.com\/index.php?rest_route=%2Fwp%2Fv2%2Fmedia&parent=131"}],"curies":[{"name":"wp","href":"https:\/\/api.w.org\/{rel}","templated":true}]}}