{"id":2,"date":"2013-06-14T18:39:05","date_gmt":"2013-06-14T18:39:05","guid":{"rendered":"http:\/\/lopesebenavente.com\/site\/?page_id=2"},"modified":"2019-12-16T11:42:34","modified_gmt":"2019-12-16T11:42:34","slug":"sample-page","status":"publish","type":"page","link":"https:\/\/www.lopesebenavente.com\/","title":{"rendered":"Empresa"},"content":{"rendered":"<table>\n<tbody>\n<tr>\n<td width=\"900 px\"><div class=\"gallery gallery-columns-9 gallery-size-thumbnail rps-image-gallery-format-default rps-image-gallery-theme-default rps-image-gallery-columns-no-responsive rps-image-gallery rps-image-gallery-no-masonry rps-image-gallery-no-heading rps-image-gallery-no-caption rps-image-gallery-no-social \" style=\"text-align:left\" pageSize=\"0\" currentPage=\"0\" ><ul><li class=\"gallery-item gallery-item-begin-row\"><div class=\"gallery-icon landscape\"><a rel=\"rps-image-group-2\" href=\"https:\/\/www.lopesebenavente.com\/wp-content\/uploads\/2013\/06\/foto-2.png\" title=\"&amp;lt;div class=&amp;quot;fancybox-title-heading&amp;quot;&amp;gt;Lopes &amp; Benavente, Lda&amp;lt;\/div&amp;gt;&amp;lt;div class=&amp;quot;fancybox-title-caption&amp;quot;&amp;gt;Escrit\u00f3rio - Santar\u00e9m&amp;lt;\/div&amp;gt;\"><img src=\"https:\/\/www.lopesebenavente.com\/wp-content\/uploads\/2013\/06\/foto-2-150x150.png\" alt=\"Escrit\u00f3rio - Santar\u00e9m\" title=\"Escrit\u00f3rio - Santar\u00e9m\" class=\"attachment-thumbnail\" width=\"150\" height=\"150\" srcset=\"https:\/\/www.lopesebenavente.com\/wp-content\/uploads\/2013\/06\/foto-2-150x150.png 150w, https:\/\/www.lopesebenavente.com\/wp-content\/uploads\/2013\/06\/foto-2-110x110.png 110w\" sizes=\"(max-width: 150px) 100vw, 150px\"><\/a><\/div><\/li><li class=\"gallery-item \"><div class=\"gallery-icon landscape\"><a rel=\"rps-image-group-2\" href=\"https:\/\/www.lopesebenavente.com\/wp-content\/uploads\/2013\/06\/Carro1.jpg\" title=\"&amp;lt;div class=&amp;quot;fancybox-title-heading&amp;quot;&amp;gt;Mercedes - Lopes &amp; Benavente, Lda&amp;lt;\/div&amp;gt;\"><img src=\"https:\/\/www.lopesebenavente.com\/wp-content\/uploads\/2013\/06\/Carro1-150x150.jpg\" alt=\"Mercedes - Lopes & Benavente, Lda\" title=\"Mercedes - Lopes & Benavente, Lda\" class=\"attachment-thumbnail\" width=\"150\" height=\"150\" srcset=\"https:\/\/www.lopesebenavente.com\/wp-content\/uploads\/2013\/06\/Carro1-150x150.jpg 150w, https:\/\/www.lopesebenavente.com\/wp-content\/uploads\/2013\/06\/Carro1-110x110.jpg 110w\" sizes=\"(max-width: 150px) 100vw, 150px\"><\/a><\/div><\/li><li class=\"gallery-item \"><div class=\"gallery-icon landscape\"><a rel=\"rps-image-group-2\" href=\"https:\/\/www.lopesebenavente.com\/wp-content\/uploads\/2013\/06\/carro3.jpg\" title=\"&amp;lt;div class=&amp;quot;fancybox-title-heading&amp;quot;&amp;gt;Mercedes - Lopes &amp; Benavente, Lda&amp;lt;\/div&amp;gt;\"><img src=\"https:\/\/www.lopesebenavente.com\/wp-content\/uploads\/2013\/06\/carro3-150x150.jpg\" alt=\"Mercedes - Lopes & Benavente, Lda\" title=\"Mercedes - Lopes & Benavente, Lda\" class=\"attachment-thumbnail\" width=\"150\" height=\"150\" srcset=\"https:\/\/www.lopesebenavente.com\/wp-content\/uploads\/2013\/06\/carro3-150x150.jpg 150w, https:\/\/www.lopesebenavente.com\/wp-content\/uploads\/2013\/06\/carro3-110x110.jpg 110w\" sizes=\"(max-width: 150px) 100vw, 150px\"><\/a><\/div><\/li><li class=\"gallery-item \"><div class=\"gallery-icon landscape\"><a rel=\"rps-image-group-2\" href=\"https:\/\/www.lopesebenavente.com\/wp-content\/uploads\/2013\/06\/carro2.jpg\" title=\"&amp;lt;div class=&amp;quot;fancybox-title-heading&amp;quot;&amp;gt;Mercedes - Lopes &amp; Benavente, Lda&amp;lt;\/div&amp;gt;\"><img src=\"https:\/\/www.lopesebenavente.com\/wp-content\/uploads\/2013\/06\/carro2-150x150.jpg\" alt=\"Mercedes - Lopes & Benavente, Lda\" title=\"Mercedes - Lopes & Benavente, Lda\" class=\"attachment-thumbnail\" width=\"150\" height=\"150\" srcset=\"https:\/\/www.lopesebenavente.com\/wp-content\/uploads\/2013\/06\/carro2-150x150.jpg 150w, https:\/\/www.lopesebenavente.com\/wp-content\/uploads\/2013\/06\/carro2-110x110.jpg 110w\" sizes=\"(max-width: 150px) 100vw, 150px\"><\/a><\/div><\/li><li class=\"gallery-item \"><div class=\"gallery-icon landscape\"><a rel=\"rps-image-group-2\" href=\"https:\/\/www.lopesebenavente.com\/wp-content\/uploads\/2013\/06\/foto-5.png\" title=\"&amp;lt;div class=&amp;quot;fancybox-title-heading&amp;quot;&amp;gt;Lopes &amp; Benavente, Lda&amp;lt;\/div&amp;gt;\"><img src=\"https:\/\/www.lopesebenavente.com\/wp-content\/uploads\/2013\/06\/foto-5-150x150.png\" alt=\"Lopes & Benavente, Lda\" title=\"Lopes & Benavente, Lda\" class=\"attachment-thumbnail\" width=\"150\" height=\"150\" srcset=\"https:\/\/www.lopesebenavente.com\/wp-content\/uploads\/2013\/06\/foto-5-150x150.png 150w, https:\/\/www.lopesebenavente.com\/wp-content\/uploads\/2013\/06\/foto-5-110x110.png 110w\" sizes=\"(max-width: 150px) 100vw, 150px\"><\/a><\/div><\/li><li class=\"gallery-item \"><div class=\"gallery-icon landscape\"><a rel=\"rps-image-group-2\" href=\"https:\/\/www.lopesebenavente.com\/wp-content\/uploads\/2013\/06\/foto-3.png\" title=\"&amp;lt;div class=&amp;quot;fancybox-title-heading&amp;quot;&amp;gt;Lopes &amp; Benavente, Lda&amp;lt;\/div&amp;gt;\"><img src=\"https:\/\/www.lopesebenavente.com\/wp-content\/uploads\/2013\/06\/foto-3-150x150.png\" alt=\"Lopes & Benavente, Lda\" title=\"Lopes & Benavente, Lda\" class=\"attachment-thumbnail\" width=\"150\" height=\"150\" srcset=\"https:\/\/www.lopesebenavente.com\/wp-content\/uploads\/2013\/06\/foto-3-150x150.png 150w, https:\/\/www.lopesebenavente.com\/wp-content\/uploads\/2013\/06\/foto-3-110x110.png 110w\" sizes=\"(max-width: 150px) 100vw, 150px\"><\/a><\/div><\/li><li class=\"gallery-item \"><div class=\"gallery-icon landscape\"><a rel=\"rps-image-group-2\" href=\"https:\/\/www.lopesebenavente.com\/wp-content\/uploads\/2013\/06\/foto-4.png\" title=\"&amp;lt;div class=&amp;quot;fancybox-title-heading&amp;quot;&amp;gt;Lopes &amp; Benavente, Lda&amp;lt;\/div&amp;gt;\"><img src=\"https:\/\/www.lopesebenavente.com\/wp-content\/uploads\/2013\/06\/foto-4-150x150.png\" alt=\"Lopes & Benavente, Lda\" title=\"Lopes & Benavente, Lda\" class=\"attachment-thumbnail\" width=\"150\" height=\"150\" srcset=\"https:\/\/www.lopesebenavente.com\/wp-content\/uploads\/2013\/06\/foto-4-150x150.png 150w, https:\/\/www.lopesebenavente.com\/wp-content\/uploads\/2013\/06\/foto-4-110x110.png 110w\" sizes=\"(max-width: 150px) 100vw, 150px\"><\/a><\/div><\/li><li class=\"gallery-item \"><div class=\"gallery-icon landscape\"><a rel=\"rps-image-group-2\" href=\"https:\/\/www.lopesebenavente.com\/wp-content\/uploads\/2013\/06\/serv1.png\" title=\"&amp;lt;div class=&amp;quot;fancybox-title-heading&amp;quot;&amp;gt;Lopes &amp; Benavente, Lda&amp;lt;\/div&amp;gt;\"><img src=\"https:\/\/www.lopesebenavente.com\/wp-content\/uploads\/2013\/06\/serv1-150x150.png\" alt=\"Lopes & Benavente, Lda\" title=\"Lopes & Benavente, Lda\" class=\"attachment-thumbnail\" width=\"150\" height=\"150\" srcset=\"https:\/\/www.lopesebenavente.com\/wp-content\/uploads\/2013\/06\/serv1-150x150.png 150w, https:\/\/www.lopesebenavente.com\/wp-content\/uploads\/2013\/06\/serv1-110x110.png 110w\" sizes=\"(max-width: 150px) 100vw, 150px\"><\/a><\/div><\/li><li class=\"gallery-item gallery-item-end-row\"><div class=\"gallery-icon landscape\"><a rel=\"rps-image-group-2\" href=\"https:\/\/www.lopesebenavente.com\/wp-content\/uploads\/2013\/06\/serv2.png\" title=\"&amp;lt;div class=&amp;quot;fancybox-title-heading&amp;quot;&amp;gt;Lopes &amp; Benavente, Lda&amp;lt;\/div&amp;gt;\"><img src=\"https:\/\/www.lopesebenavente.com\/wp-content\/uploads\/2013\/06\/serv2-150x150.png\" alt=\"Lopes & Benavente, Lda\" title=\"Lopes & Benavente, Lda\" class=\"attachment-thumbnail last\" width=\"150\" height=\"150\" srcset=\"https:\/\/www.lopesebenavente.com\/wp-content\/uploads\/2013\/06\/serv2-150x150.png 150w, https:\/\/www.lopesebenavente.com\/wp-content\/uploads\/2013\/06\/serv2-110x110.png 110w\" sizes=\"(max-width: 150px) 100vw, 150px\"><\/a><\/div><\/li><\/ul><\/div><\/td>\n<\/tr>\n<tr>\n<td width=\"900 px\">\n<h5>A Lopes &amp; Benavente, Lda. trata de funerais, crema\u00e7\u00f5es, traslada\u00e7\u00f5es e toda a sua documenta\u00e7\u00e3o, de e para qualquer parte do pa\u00eds e estrangeiro.<\/h5>\n<ul>\n<li>\n<h5>Dispomos de instala\u00e7\u00f5es modernas e adequadas aos servi\u00e7os prestados, bem como espa\u00e7o frio, apoiados por suportes tecnol\u00f3gicos e atendimento personalizado e especializado com servi\u00e7o permanente (24h).<\/h5>\n<\/li>\n<li>\n<h5>Gama de viaturas modernas e confort\u00e1veis tanto nos funerais como nas viaturas de apoio.<\/h5>\n<\/li>\n<li>\n<h5>A Lopes &amp; Benavente, Lda. faz da sua principal miss\u00e3o a implementa\u00e7\u00e3o de m\u00e9todos inovadores que dignificam o servi\u00e7o prestado e complementam, na rela\u00e7\u00e3o fam\u00edlia-empresa, o carinho humano de todo o processo.<\/h5>\n<\/li>\n<\/ul>\n<h5>A experi\u00eancia adquirida pelos s\u00f3cios-gerentes Carlos Lopes e Ac\u00e1cio Benavente em todas as ag\u00eancias de Santar\u00e9m onde j\u00e1 foram funcion\u00e1rios, propriet\u00e1rios e s\u00f3cios-gerentes faz deles a equipa mais coesa e profissional da zona.<\/h5>\n<h5>Em resumo, todos os nossos servi\u00e7os distinguem-se pelo profissionalismo, efici\u00eancia e transpar\u00eancia.<\/h5>\n<\/td>\n<\/tr>\n<\/tbody>\n<\/table>\n","protected":false},"excerpt":{"rendered":"<p>A Lopes &amp; Benavente, Lda. trata de funerais, crema\u00e7\u00f5es, traslada\u00e7\u00f5es e toda a sua documenta\u00e7\u00e3o, de e para qualquer parte do pa\u00eds e estrangeiro. Dispomos de instala\u00e7\u00f5es modernas e adequadas aos servi\u00e7os prestados, bem como espa\u00e7o frio, apoiados por suportes &hellip;<span class=\"more-link\"><a href=\"https:\/\/www.lopesebenavente.com\/\"><span class=\"button\">Continue reading &rarr;<\/span><\/a><\/span><\/p>\n","protected":false},"author":2,"featured_media":0,"parent":0,"menu_order":0,"comment_status":"open","ping_status":"closed","template":"","meta":[],"_links":{"self":[{"href":"https:\/\/www.lopesebenavente.com\/index.php?rest_route=\/wp\/v2\/pages\/2"}],"collection":[{"href":"https:\/\/www.lopesebenavente.com\/index.php?rest_route=\/wp\/v2\/pages"}],"about":[{"href":"https:\/\/www.lopesebenavente.com\/index.php?rest_route=\/wp\/v2\/types\/page"}],"author":[{"embeddable":true,"href":"https:\/\/www.lopesebenavente.com\/index.php?rest_route=\/wp\/v2\/users\/2"}],"replies":[{"embeddable":true,"href":"https:\/\/www.lopesebenavente.com\/index.php?rest_route=%2Fwp%2Fv2%2Fcomments&post=2"}],"version-history":[{"count":30,"href":"https:\/\/www.lopesebenavente.com\/index.php?rest_route=\/wp\/v2\/pages\/2\/revisions"}],"predecessor-version":[{"id":7,"href":"https:\/\/www.lopesebenavente.com\/index.php?rest_route=\/wp\/v2\/pages\/2\/revisions\/7"}],"wp:attachment":[{"href":"https:\/\/www.lopesebenavente.com\/index.php?rest_route=%2Fwp%2Fv2%2Fmedia&parent=2"}],"curies":[{"name":"wp","href":"https:\/\/api.w.org\/{rel}","templated":true}]}}