{"id":32,"date":"2013-06-16T20:47:54","date_gmt":"2013-06-16T20:47:54","guid":{"rendered":"http:\/\/lopesebenavente.com\/site\/?page_id=32"},"modified":"2018-08-07T09:39:32","modified_gmt":"2018-08-07T09:39:32","slug":"servicos","status":"publish","type":"page","link":"https:\/\/www.lopesebenavente.com\/?page_id=32","title":{"rendered":"Servi\u00e7os"},"content":{"rendered":"<table>\n<tbody>\n<tr>\n<td width=\"550 px\">\n<h4><span style=\"font-size: medium;\"><span style=\"line-height: 24px;\"><strong>Atendimento<\/strong><\/span><\/span><\/h4>\n<ul>\n<li><span style=\"line-height: 16px;\">O nosso servi\u00e7o de atendimento \u00e9 personalizado e com experi\u00eancia para resolver todas as quest\u00f5es levantadas pelos nossos clientes antes, durante e ap\u00f3s qualquer tipo de funeral, tendo sempre em aten\u00e7\u00e3o os costumes da zona ou a religi\u00e3o praticada.<\/span><\/li>\n<\/ul>\n<h4><span style=\"font-size: medium;\"><span style=\"line-height: 24px;\"><strong>Orienta\u00e7\u00e3o T\u00e9cnica<\/strong><\/span><\/span><\/h4>\n<ul>\n<li><span style=\"line-height: 16px;\">Com o enorme n\u00famero de op\u00e7\u00f5es que possu\u00edmos para a escolha do servi\u00e7o, urna, v\u00e9u, len\u00e7ol, pote de cinzas, casti\u00e7ais, velas, flores, etc., tentamos sempre aconselhar e responder de imediato a todas as d\u00favidas colocadas pelos nossos clientes.<\/span><\/li>\n<\/ul>\n<\/td>\n<td width=\"350 px\"><div class=\"gallery gallery-columns-3 gallery-size-thumbnail rps-image-gallery-format-default rps-image-gallery-theme-default rps-image-gallery-columns-no-responsive rps-image-gallery rps-image-gallery-no-masonry rps-image-gallery-no-heading rps-image-gallery-no-caption rps-image-gallery-no-social \" style=\"text-align:left\" pageSize=\"0\" currentPage=\"0\" ><ul><li class=\"gallery-item gallery-item-begin-row\"><div class=\"gallery-icon landscape\"><a rel=\"rps-image-group-32\" href=\"https:\/\/www.lopesebenavente.com\/wp-content\/uploads\/2013\/06\/serv1.png\" title=\"&amp;lt;div class=&amp;quot;fancybox-title-heading&amp;quot;&amp;gt;Lopes &amp; Benavente, Lda&amp;lt;\/div&amp;gt;\"><img src=\"https:\/\/www.lopesebenavente.com\/wp-content\/uploads\/2013\/06\/serv1-150x150.png\" alt=\"Lopes & Benavente, Lda\" title=\"Lopes & Benavente, Lda\" class=\"attachment-thumbnail\" width=\"150\" height=\"150\" srcset=\"https:\/\/www.lopesebenavente.com\/wp-content\/uploads\/2013\/06\/serv1-150x150.png 150w, https:\/\/www.lopesebenavente.com\/wp-content\/uploads\/2013\/06\/serv1-110x110.png 110w\" sizes=\"(max-width: 150px) 100vw, 150px\"><\/a><\/div><\/li><li class=\"gallery-item \"><div class=\"gallery-icon landscape\"><a rel=\"rps-image-group-32\" href=\"https:\/\/www.lopesebenavente.com\/wp-content\/uploads\/2013\/06\/serv2.png\" title=\"&amp;lt;div class=&amp;quot;fancybox-title-heading&amp;quot;&amp;gt;Lopes &amp; Benavente, Lda&amp;lt;\/div&amp;gt;\"><img src=\"https:\/\/www.lopesebenavente.com\/wp-content\/uploads\/2013\/06\/serv2-150x150.png\" alt=\"Lopes & Benavente, Lda\" title=\"Lopes & Benavente, Lda\" class=\"attachment-thumbnail\" width=\"150\" height=\"150\" srcset=\"https:\/\/www.lopesebenavente.com\/wp-content\/uploads\/2013\/06\/serv2-150x150.png 150w, https:\/\/www.lopesebenavente.com\/wp-content\/uploads\/2013\/06\/serv2-110x110.png 110w\" sizes=\"(max-width: 150px) 100vw, 150px\"><\/a><\/div><\/li><li class=\"gallery-item gallery-item-end-row\"><div class=\"gallery-icon landscape\"><a rel=\"rps-image-group-32\" href=\"https:\/\/www.lopesebenavente.com\/wp-content\/uploads\/2013\/06\/serv5.png\" title=\"&amp;lt;div class=&amp;quot;fancybox-title-heading&amp;quot;&amp;gt;Lopes &amp; Benavente, Lda&amp;lt;\/div&amp;gt;\"><img src=\"https:\/\/www.lopesebenavente.com\/wp-content\/uploads\/2013\/06\/serv5-150x150.png\" alt=\"Lopes & Benavente, Lda\" title=\"Lopes & Benavente, Lda\" class=\"attachment-thumbnail\" width=\"150\" height=\"150\" srcset=\"https:\/\/www.lopesebenavente.com\/wp-content\/uploads\/2013\/06\/serv5-150x150.png 150w, https:\/\/www.lopesebenavente.com\/wp-content\/uploads\/2013\/06\/serv5-110x110.png 110w\" sizes=\"(max-width: 150px) 100vw, 150px\"><\/a><\/div><\/li><li class=\"gallery-item gallery-item-begin-row\"><div class=\"gallery-icon landscape\"><a rel=\"rps-image-group-32\" href=\"https:\/\/www.lopesebenavente.com\/wp-content\/uploads\/2013\/06\/serv6.png\" title=\"&amp;lt;div class=&amp;quot;fancybox-title-heading&amp;quot;&amp;gt;Lopes &amp; Benavente, Lda&amp;lt;\/div&amp;gt;\"><img src=\"https:\/\/www.lopesebenavente.com\/wp-content\/uploads\/2013\/06\/serv6-150x150.png\" alt=\"Lopes & Benavente, Lda\" title=\"Lopes & Benavente, Lda\" class=\"attachment-thumbnail\" width=\"150\" height=\"150\" srcset=\"https:\/\/www.lopesebenavente.com\/wp-content\/uploads\/2013\/06\/serv6-150x150.png 150w, https:\/\/www.lopesebenavente.com\/wp-content\/uploads\/2013\/06\/serv6-110x110.png 110w\" sizes=\"(max-width: 150px) 100vw, 150px\"><\/a><\/div><\/li><li class=\"gallery-item \"><div class=\"gallery-icon landscape\"><a rel=\"rps-image-group-32\" href=\"https:\/\/www.lopesebenavente.com\/wp-content\/uploads\/2013\/06\/serv7.png\" title=\"&amp;lt;div class=&amp;quot;fancybox-title-heading&amp;quot;&amp;gt;Lopes &amp; Benavente, Lda&amp;lt;\/div&amp;gt;\"><img src=\"https:\/\/www.lopesebenavente.com\/wp-content\/uploads\/2013\/06\/serv7-150x150.png\" alt=\"Lopes & Benavente, Lda\" title=\"Lopes & Benavente, Lda\" class=\"attachment-thumbnail\" width=\"150\" height=\"150\" srcset=\"https:\/\/www.lopesebenavente.com\/wp-content\/uploads\/2013\/06\/serv7-150x150.png 150w, https:\/\/www.lopesebenavente.com\/wp-content\/uploads\/2013\/06\/serv7-110x110.png 110w\" sizes=\"(max-width: 150px) 100vw, 150px\"><\/a><\/div><\/li><li class=\"gallery-item gallery-item-end-row\"><div class=\"gallery-icon landscape\"><a rel=\"rps-image-group-32\" href=\"https:\/\/www.lopesebenavente.com\/wp-content\/uploads\/2013\/06\/serv8.png\" title=\"&amp;lt;div class=&amp;quot;fancybox-title-heading&amp;quot;&amp;gt;Lopes &amp; Benavente, Lda&amp;lt;\/div&amp;gt;\"><img src=\"https:\/\/www.lopesebenavente.com\/wp-content\/uploads\/2013\/06\/serv8-150x150.png\" alt=\"Lopes & Benavente, Lda\" title=\"Lopes & Benavente, Lda\" class=\"attachment-thumbnail last\" width=\"150\" height=\"150\" srcset=\"https:\/\/www.lopesebenavente.com\/wp-content\/uploads\/2013\/06\/serv8-150x150.png 150w, https:\/\/www.lopesebenavente.com\/wp-content\/uploads\/2013\/06\/serv8-110x110.png 110w\" sizes=\"(max-width: 150px) 100vw, 150px\"><\/a><\/div><\/li><\/ul><\/div><\/td>\n<\/tr>\n<\/tbody>\n<\/table>\n<table>\n<tbody>\n<tr>\n<td width=\"80 px\"><div class=\"gallery gallery-columns-1 gallery-size-thumbnail rps-image-gallery-format-default rps-image-gallery-theme-default rps-image-gallery-columns-no-responsive rps-image-gallery rps-image-gallery-no-masonry rps-image-gallery-no-heading rps-image-gallery-no-caption rps-image-gallery-no-social \" style=\"text-align:left\" pageSize=\"0\" currentPage=\"0\" ><ul><li class=\"gallery-item \"><div class=\"gallery-icon landscape\"><a rel=\"rps-image-group-32\" href=\"https:\/\/www.lopesebenavente.com\/wp-content\/uploads\/2013\/06\/640_191.preta_.jpg\" title=\"&amp;lt;div class=&amp;quot;fancybox-title-heading&amp;quot;&amp;gt;191 Preta&amp;lt;\/div&amp;gt;\"><img src=\"https:\/\/www.lopesebenavente.com\/wp-content\/uploads\/2013\/06\/640_191.preta_-150x150.jpg\" alt=\"191 Preta\" title=\"191 Preta\" class=\"attachment-thumbnail\" width=\"150\" height=\"150\" srcset=\"https:\/\/www.lopesebenavente.com\/wp-content\/uploads\/2013\/06\/640_191.preta_-150x150.jpg 150w, https:\/\/www.lopesebenavente.com\/wp-content\/uploads\/2013\/06\/640_191.preta_-110x110.jpg 110w\" sizes=\"(max-width: 150px) 100vw, 150px\"><\/a><\/div><\/li><li class=\"gallery-item \"><div class=\"gallery-icon landscape\"><a rel=\"rps-image-group-32\" href=\"https:\/\/www.lopesebenavente.com\/wp-content\/uploads\/2013\/06\/640_141.c140castanho.jpg\" title=\"&amp;lt;div class=&amp;quot;fancybox-title-heading&amp;quot;&amp;gt;c140 Castanho&amp;lt;\/div&amp;gt;\"><img src=\"https:\/\/www.lopesebenavente.com\/wp-content\/uploads\/2013\/06\/640_141.c140castanho-150x150.jpg\" alt=\"c140 Castanho\" title=\"c140 Castanho\" class=\"attachment-thumbnail\" width=\"150\" height=\"150\" srcset=\"https:\/\/www.lopesebenavente.com\/wp-content\/uploads\/2013\/06\/640_141.c140castanho-150x150.jpg 150w, https:\/\/www.lopesebenavente.com\/wp-content\/uploads\/2013\/06\/640_141.c140castanho-110x110.jpg 110w\" sizes=\"(max-width: 150px) 100vw, 150px\"><\/a><\/div><\/li><li class=\"gallery-item \"><div class=\"gallery-icon landscape\"><a rel=\"rps-image-group-32\" href=\"https:\/\/www.lopesebenavente.com\/wp-content\/uploads\/2013\/06\/640_133.53_okoume.jpg\" title=\"&amp;lt;div class=&amp;quot;fancybox-title-heading&amp;quot;&amp;gt;53 Okoume&amp;lt;\/div&amp;gt;\"><img src=\"https:\/\/www.lopesebenavente.com\/wp-content\/uploads\/2013\/06\/640_133.53_okoume-150x150.jpg\" alt=\"53 Okoume\" title=\"53 Okoume\" class=\"attachment-thumbnail\" width=\"150\" height=\"150\" srcset=\"https:\/\/www.lopesebenavente.com\/wp-content\/uploads\/2013\/06\/640_133.53_okoume-150x150.jpg 150w, https:\/\/www.lopesebenavente.com\/wp-content\/uploads\/2013\/06\/640_133.53_okoume-110x110.jpg 110w\" sizes=\"(max-width: 150px) 100vw, 150px\"><\/a><\/div><\/li><li class=\"gallery-item \"><div class=\"gallery-icon landscape\"><a rel=\"rps-image-group-32\" href=\"https:\/\/www.lopesebenavente.com\/wp-content\/uploads\/2013\/06\/640_123.6_castanho.jpg\" title=\"&amp;lt;div class=&amp;quot;fancybox-title-heading&amp;quot;&amp;gt;6 Castanho&amp;lt;\/div&amp;gt;\"><img src=\"https:\/\/www.lopesebenavente.com\/wp-content\/uploads\/2013\/06\/640_123.6_castanho-150x150.jpg\" alt=\"6 Castanho\" title=\"6 Castanho\" class=\"attachment-thumbnail\" width=\"150\" height=\"150\" srcset=\"https:\/\/www.lopesebenavente.com\/wp-content\/uploads\/2013\/06\/640_123.6_castanho-150x150.jpg 150w, https:\/\/www.lopesebenavente.com\/wp-content\/uploads\/2013\/06\/640_123.6_castanho-110x110.jpg 110w\" sizes=\"(max-width: 150px) 100vw, 150px\"><\/a><\/div><\/li><li class=\"gallery-item \"><div class=\"gallery-icon landscape\"><a rel=\"rps-image-group-32\" href=\"https:\/\/www.lopesebenavente.com\/wp-content\/uploads\/2013\/06\/640_118.42_branco.jpg\" title=\"&amp;lt;div class=&amp;quot;fancybox-title-heading&amp;quot;&amp;gt;42 Branco&amp;lt;\/div&amp;gt;\"><img src=\"https:\/\/www.lopesebenavente.com\/wp-content\/uploads\/2013\/06\/640_118.42_branco-150x150.jpg\" alt=\"42 Branco\" title=\"42 Branco\" class=\"attachment-thumbnail\" width=\"150\" height=\"150\" srcset=\"https:\/\/www.lopesebenavente.com\/wp-content\/uploads\/2013\/06\/640_118.42_branco-150x150.jpg 150w, https:\/\/www.lopesebenavente.com\/wp-content\/uploads\/2013\/06\/640_118.42_branco-110x110.jpg 110w\" sizes=\"(max-width: 150px) 100vw, 150px\"><\/a><\/div><\/li><li class=\"gallery-item \"><div class=\"gallery-icon landscape\"><a rel=\"rps-image-group-32\" href=\"https:\/\/www.lopesebenavente.com\/wp-content\/uploads\/2013\/06\/640_192.153.jpg\" title=\"&amp;lt;div class=&amp;quot;fancybox-title-heading&amp;quot;&amp;gt;153&amp;lt;\/div&amp;gt;\"><img src=\"https:\/\/www.lopesebenavente.com\/wp-content\/uploads\/2013\/06\/640_192.153-150x150.jpg\" alt=\"153\" title=\"153\" class=\"attachment-thumbnail\" width=\"150\" height=\"150\" srcset=\"https:\/\/www.lopesebenavente.com\/wp-content\/uploads\/2013\/06\/640_192.153-150x150.jpg 150w, https:\/\/www.lopesebenavente.com\/wp-content\/uploads\/2013\/06\/640_192.153-110x110.jpg 110w\" sizes=\"(max-width: 150px) 100vw, 150px\"><\/a><\/div><\/li><li class=\"gallery-item \"><div class=\"gallery-icon landscape\"><a rel=\"rps-image-group-32\" href=\"https:\/\/www.lopesebenavente.com\/wp-content\/uploads\/2013\/06\/640_117.42_wengue.jpg\" title=\"&amp;lt;div class=&amp;quot;fancybox-title-heading&amp;quot;&amp;gt;42 Wengue&amp;lt;\/div&amp;gt;\"><img src=\"https:\/\/www.lopesebenavente.com\/wp-content\/uploads\/2013\/06\/640_117.42_wengue-150x150.jpg\" alt=\"42 Wengue\" title=\"42 Wengue\" class=\"attachment-thumbnail\" width=\"150\" height=\"150\" srcset=\"https:\/\/www.lopesebenavente.com\/wp-content\/uploads\/2013\/06\/640_117.42_wengue-150x150.jpg 150w, https:\/\/www.lopesebenavente.com\/wp-content\/uploads\/2013\/06\/640_117.42_wengue-110x110.jpg 110w\" sizes=\"(max-width: 150px) 100vw, 150px\"><\/a><\/div><\/li><li class=\"gallery-item \"><div class=\"gallery-icon landscape\"><a rel=\"rps-image-group-32\" href=\"https:\/\/www.lopesebenavente.com\/wp-content\/uploads\/2013\/06\/640_112.42_castanho.jpg\" title=\"&amp;lt;div class=&amp;quot;fancybox-title-heading&amp;quot;&amp;gt;42 Castanho&amp;lt;\/div&amp;gt;\"><img src=\"https:\/\/www.lopesebenavente.com\/wp-content\/uploads\/2013\/06\/640_112.42_castanho-150x150.jpg\" alt=\"42 Castanho\" title=\"42 Castanho\" class=\"attachment-thumbnail last\" width=\"150\" height=\"150\" srcset=\"https:\/\/www.lopesebenavente.com\/wp-content\/uploads\/2013\/06\/640_112.42_castanho-150x150.jpg 150w, https:\/\/www.lopesebenavente.com\/wp-content\/uploads\/2013\/06\/640_112.42_castanho-110x110.jpg 110w\" sizes=\"(max-width: 150px) 100vw, 150px\"><\/a><\/div><\/li><\/ul><\/div><\/td>\n<td width=\"820 px\"><strong><span style=\"font-size: medium;\"><span style=\"line-height: 24px;\">Materiais espec\u00edficos<\/span><\/span><\/strong><\/p>\n<ul>\n<li><span style=\"line-height: 16px;\">A Lopes &amp; Benavente, Lda. possui em exposi\u00e7\u00e3o permanente um conjunto de urnas de diversas madeiras e produtos bio-degrad\u00e1veis de cariz tradicional de acordo com os costumes e, em simult\u00e2neo, alguns modelos inovadores de acordo com as tend\u00eancias do mercado para jazigos, crema\u00e7\u00f5es e enterramentos. <\/span><\/li>\n<\/ul>\n<p><span style=\"font-size: medium;\"><span style=\"line-height: 24px;\"><strong>Pre\u00e7o<\/strong><\/span><\/span><\/p>\n<ul>\n<li>Todos os nossos servi\u00e7os est\u00e3o tabelados e marcados \u00e0 vista do cliente de forma clara e transparente. Ser\u00e1 sempre entregue uma folha com o or\u00e7amento completo de acordo com as exig\u00eancias e o modo de pagamento combinado. Porque esta empresa entende que nem todas as fam\u00edlias est\u00e3o preparadas monetariamente para solucionar estes problemas inesperados, damos a possibilidade dos nossos clientes fazerem os pagamentos fraccionados ou aguardamos pelos subs\u00eddios. Os nossos servi\u00e7os iniciam-se no valor do servi\u00e7o dispon\u00edvel obrigat\u00f3rio &#8211; 400,00\u20ac\u00a0 (Decreto-Lei n.\u00ba 10\/2015, de 16 de janeiro).<\/li>\n<\/ul>\n<p><strong>Servi\u00e7os complementares<\/strong><\/p>\n<ul>\n<li><span style=\"line-height: 16px;\">Servi\u00e7os especializados de Tanatopraxia e Tanatoest\u00e9tica (conserva\u00e7\u00e3o e prepara\u00e7\u00e3o do cad\u00e1ver), sempre que necess\u00e1rio e solicitado pelos nossos clientes.<\/span><\/li>\n<li>Embalsamamentos, quando solicitado pelas fam\u00edlias ou em caso de traslada\u00e7\u00e3o para o estrangeiro.<\/li>\n<li>Exuma\u00e7\u00f5es: ap\u00f3s decorrido o prazo legal para enterramento, tratamos de exuma\u00e7\u00f5es, limpeza e conserva\u00e7\u00e3o ou crema\u00e7\u00e3o dos restos mortais (ossadas) e tratamos de fazer o dep\u00f3sito de cinzas onde for solicitado.<\/li>\n<li>Sempre que seja solicitada, encarregamo-nos da publica\u00e7\u00e3o de an\u00fancios em qualquer jornal de tiragem di\u00e1ria ou outra.<\/li>\n<li>Possu\u00edmos florista privada, cujos arranjos florais t\u00eam merecido os maiores elogios e podemos assim encarregar-nos da execu\u00e7\u00e3o e entrega dos mais variados trabalhos em flores naturais a pre\u00e7os competitivos.<\/li>\n<li>Colocamos gratuitamente \u00e0 disposi\u00e7\u00e3o dos nossos clientes uma m\u00e1quina de \u00e1gua natural e fria e uma de caf\u00e9, ambas da mais elevada qualidade, em todos os funerais.<\/li>\n<\/ul>\n<\/td>\n<\/tr>\n<\/tbody>\n<\/table>\n<p>&nbsp;<\/p>\n","protected":false},"excerpt":{"rendered":"<p>Atendimento O nosso servi\u00e7o de atendimento \u00e9 personalizado e com experi\u00eancia para resolver todas as quest\u00f5es levantadas pelos nossos clientes antes, durante e ap\u00f3s qualquer tipo de funeral, tendo sempre em aten\u00e7\u00e3o os costumes da zona ou a religi\u00e3o praticada. &hellip;<span class=\"more-link\"><a href=\"https:\/\/www.lopesebenavente.com\/?page_id=32\"><span class=\"button\">Continue reading &rarr;<\/span><\/a><\/span><\/p>\n","protected":false},"author":2,"featured_media":0,"parent":0,"menu_order":0,"comment_status":"closed","ping_status":"closed","template":"","meta":[],"_links":{"self":[{"href":"https:\/\/www.lopesebenavente.com\/index.php?rest_route=\/wp\/v2\/pages\/32"}],"collection":[{"href":"https:\/\/www.lopesebenavente.com\/index.php?rest_route=\/wp\/v2\/pages"}],"about":[{"href":"https:\/\/www.lopesebenavente.com\/index.php?rest_route=\/wp\/v2\/types\/page"}],"author":[{"embeddable":true,"href":"https:\/\/www.lopesebenavente.com\/index.php?rest_route=\/wp\/v2\/users\/2"}],"replies":[{"embeddable":true,"href":"https:\/\/www.lopesebenavente.com\/index.php?rest_route=%2Fwp%2Fv2%2Fcomments&post=32"}],"version-history":[{"count":30,"href":"https:\/\/www.lopesebenavente.com\/index.php?rest_route=\/wp\/v2\/pages\/32\/revisions"}],"predecessor-version":[{"id":35,"href":"https:\/\/www.lopesebenavente.com\/index.php?rest_route=\/wp\/v2\/pages\/32\/revisions\/35"}],"wp:attachment":[{"href":"https:\/\/www.lopesebenavente.com\/index.php?rest_route=%2Fwp%2Fv2%2Fmedia&parent=32"}],"curies":[{"name":"wp","href":"https:\/\/api.w.org\/{rel}","templated":true}]}}