{"id":89,"date":"2013-06-16T23:17:10","date_gmt":"2013-06-16T23:17:10","guid":{"rendered":"http:\/\/lopesebenavente.com\/site\/?page_id=89"},"modified":"2020-07-09T14:08:40","modified_gmt":"2020-07-09T14:08:40","slug":"localizacao","status":"publish","type":"page","link":"https:\/\/www.lopesebenavente.com\/?page_id=89","title":{"rendered":"Localiza\u00e7\u00e3o"},"content":{"rendered":"<table>\n<tbody>\n<tr>\n<td width=\"230 px\">\n<h4>Santar\u00e9m:<\/h4>\n<p>Urbaniza\u00e7\u00e3o Olival do Arame,<br \/>\nLote 4 R\/C Dto<br \/>\nS\u00e3o Domingos<br \/>\n2005-242 Santar\u00e9m<\/td>\n<td width=\"570 px\"><iframe loading=\"lazy\" src=\"https:\/\/maps.google.pt\/maps\/ms?ie=UTF8&amp;hl=pt-PT&amp;msa=0&amp;msid=207228606110437517481.000464c50ea7a675a6cd3&amp;ll=39.237289,-8.695539&amp;spn=0.006099,0.013947&amp;t=h&amp;output=embed\" height=\"300\" width=\"570\" frameborder=\"0\" marginwidth=\"0\" marginheight=\"0\" scrolling=\"no\"><\/iframe><br \/>\n<small>Ver <a style=\"color: #0000ff; text-align: left;\" href=\"https:\/\/maps.google.pt\/maps\/ms?ie=UTF8&amp;hl=pt-PT&amp;msa=0&amp;msid=207228606110437517481.000464c50ea7a675a6cd3&amp;ll=39.237289,-8.695539&amp;spn=0.006099,0.013947&amp;t=h&amp;source=embed\">Ag\u00eancia Funer\u00e1ria Lopes &amp; Benavente, lda<\/a> num mapa maior<\/small><\/td>\n<\/tr>\n<\/tbody>\n<\/table>\n<table>\n<tbody>\n<tr>\n<td width=\"550 px\"><iframe loading=\"lazy\" src=\"https:\/\/www.google.com\/maps\/embed?pb=!1m14!1m8!1m3!1d3655.1731799936656!2d-8.627586382368156!3d39.20653180306131!3m2!1i1024!2i768!4f13.1!3m3!1m2!1s0xd18f052a38692a7%3A0xa1a775ac01f0644d!2sRua%20Condessa%20da%20Junqueira%209%2C%202080-030%20Almeirim!5e1!3m2!1spt-PT!2spt!4v1594303400583!5m2!1spt-PT!2spt\" height=\"300\" width=\"550\" frameborder=\"0\" marginwidth=\"0\" marginheight=\"0\" scrolling=\"no\"><\/iframe><br \/>\n<small>Ver <a style=\"color: #0000ff; text-align: left;\" href=\"https:\/\/goo.gl\/maps\/fdMsqv9s2cWr4Eui6\">Ag\u00eancia Funer\u00e1ria Lopes &amp; Benavente, lda<\/a> num mapa maior<\/small><\/td>\n<td width=\"250 px\">\n<h4>Almeirim:<\/h4>\n<p>Rua Condessa da Junqueira, n\u00ba 9A<\/p>\n<p>2080-030 Almeirim<\/td>\n<\/tr>\n<\/tbody>\n<\/table>\n","protected":false},"excerpt":{"rendered":"<p>Santar\u00e9m: Urbaniza\u00e7\u00e3o Olival do Arame, Lote 4 R\/C Dto S\u00e3o Domingos 2005-242 Santar\u00e9m Ver Ag\u00eancia Funer\u00e1ria Lopes &amp; Benavente, lda num mapa maior Ver Ag\u00eancia Funer\u00e1ria Lopes &amp; Benavente, lda num mapa maior Almeirim: Rua Condessa da Junqueira, n\u00ba 9A &hellip;<span class=\"more-link\"><a href=\"https:\/\/www.lopesebenavente.com\/?page_id=89\"><span class=\"button\">Continue reading &rarr;<\/span><\/a><\/span><\/p>\n","protected":false},"author":2,"featured_media":0,"parent":0,"menu_order":5,"comment_status":"closed","ping_status":"closed","template":"","meta":[],"_links":{"self":[{"href":"https:\/\/www.lopesebenavente.com\/index.php?rest_route=\/wp\/v2\/pages\/89"}],"collection":[{"href":"https:\/\/www.lopesebenavente.com\/index.php?rest_route=\/wp\/v2\/pages"}],"about":[{"href":"https:\/\/www.lopesebenavente.com\/index.php?rest_route=\/wp\/v2\/types\/page"}],"author":[{"embeddable":true,"href":"https:\/\/www.lopesebenavente.com\/index.php?rest_route=\/wp\/v2\/users\/2"}],"replies":[{"embeddable":true,"href":"https:\/\/www.lopesebenavente.com\/index.php?rest_route=%2Fwp%2Fv2%2Fcomments&post=89"}],"version-history":[{"count":25,"href":"https:\/\/www.lopesebenavente.com\/index.php?rest_route=\/wp\/v2\/pages\/89\/revisions"}],"predecessor-version":[{"id":1480,"href":"https:\/\/www.lopesebenavente.com\/index.php?rest_route=\/wp\/v2\/pages\/89\/revisions\/1480"}],"wp:attachment":[{"href":"https:\/\/www.lopesebenavente.com\/index.php?rest_route=%2Fwp%2Fv2%2Fmedia&parent=89"}],"curies":[{"name":"wp","href":"https:\/\/api.w.org\/{rel}","templated":true}]}}